{"id":3,"date":"2026-05-15T09:03:47","date_gmt":"2026-05-15T09:03:47","guid":{"rendered":"http:\/\/lowtechmed.com\/?page_id=3"},"modified":"2026-05-15T13:42:37","modified_gmt":"2026-05-15T13:42:37","slug":"privacy-policy","status":"publish","type":"page","link":"http:\/\/lowtechmed.com\/index.php\/privacy-policy\/","title":{"rendered":"Nos buts"},"content":{"rendered":"\n<p>Les soci\u00e9t\u00e9s industrialis\u00e9es ont connu une croissance exponentielle tant en mati\u00e8re d\u2019innovation technologique que d\u2019esp\u00e9rance de vie. La \u00ab m\u00e9decine de pointe \u00bb s\u2019est impos\u00e9e comme la vision dominante dans les pays industrialis\u00e9s, partant du principe que l\u2019innovation technologique est la voie principale vers de nouvelles am\u00e9liorations du bien-\u00eatre humain. \u00c0 l\u2019\u00e8re des crises multiples, caract\u00e9ris\u00e9e par le changement climatique d\u2019origine humaine, la perte de biodiversit\u00e9, les tensions li\u00e9es \u00e0 l\u2019approvisionnement en \u00e9nergie et en ressources, les in\u00e9galit\u00e9s croissantes et les tensions g\u00e9opolitiques, nous soutenons que le d\u00e9veloppement technologique perp\u00e9tuel et sans limites dans le domaine de la sant\u00e9 est une erreur.<\/p>\n\n\n\n<figure class=\"wp-block-image size-large\"><img loading=\"lazy\" decoding=\"async\" width=\"1024\" height=\"497\" src=\"https:\/\/lowtechmed.com\/wp-content\/uploads\/2026\/05\/3-piliers-1024x497.png\" alt=\"\" class=\"wp-image-29\" srcset=\"http:\/\/lowtechmed.com\/wp-content\/uploads\/2026\/05\/3-piliers-1024x497.png 1024w, http:\/\/lowtechmed.com\/wp-content\/uploads\/2026\/05\/3-piliers-300x146.png 300w, http:\/\/lowtechmed.com\/wp-content\/uploads\/2026\/05\/3-piliers-768x373.png 768w, http:\/\/lowtechmed.com\/wp-content\/uploads\/2026\/05\/3-piliers.png 1245w\" sizes=\"auto, (max-width: 1024px) 100vw, 1024px\" \/><\/figure>\n\n\n\n<p>La m\u00e9decine de pointe pr\u00e9sente un nombre croissant de compromis probl\u00e9matiques entre les soins aux patients, les dommages caus\u00e9s \u00e0 l\u2019environnement et \u00e0 la sant\u00e9 publique, ainsi que les co\u00fbts et l\u2019accessibilit\u00e9, qui sont rarement explicitement mentionn\u00e9s dans la litt\u00e9rature m\u00e9dicale.<\/p>\n\n\n\n<p>Le groupe LowTechMed a pour objectif d&rsquo;apporter une r\u00e9flexion pragmatique sur ces questions et de proposer des solutions concr\u00e8tes pour pr\u00e9server les soins dans un monde de plus en plus instable.<\/p>\n\n\n\n<p>Nos principaux axes d&rsquo;action sont les suivants :<\/p>\n\n\n\n<p>\u2013 d\u00e9velopper des id\u00e9es fond\u00e9es sur des donn\u00e9es probantes issues de la litt\u00e9rature scientifique, et les diffuser ;<\/p>\n\n\n\n<p>\u2013 sensibiliser le grand public et les professionnels de sant\u00e9 au caract\u00e8re non durable du mod\u00e8le actuel, par le biais de conf\u00e9rences et de webinaires ;<\/p>\n\n\n\n<p>\u2013 concevoir des solutions pratiques et applicables en participant \u00e0 l&rsquo;organisation de hackathons en collaboration avec des universit\u00e9s et des \u00e9coles d&rsquo;ing\u00e9nieurs ;<\/p>\n\n\n\n<p>\u2013 d\u00e9velopper des r\u00e9flexions \u00e9thiques sur les soins de sant\u00e9 dans des contextes contraints.<\/p>\n","protected":false},"excerpt":{"rendered":"<p>Les soci\u00e9t\u00e9s industrialis\u00e9es ont connu une croissance exponentielle tant en mati\u00e8re d\u2019innovation technologique que d\u2019esp\u00e9rance de vie. La \u00ab m\u00e9decine de pointe \u00bb s\u2019est impos\u00e9e comme la vision dominante dans les pays industrialis\u00e9s, partant du principe que l\u2019innovation technologique est la voie principale vers de nouvelles am\u00e9liorations du bien-\u00eatre humain. \u00c0 l\u2019\u00e8re des crises multiples, [&hellip;]<\/p>\n","protected":false},"author":1,"featured_media":0,"parent":0,"menu_order":0,"comment_status":"closed","ping_status":"open","template":"","meta":{"footnotes":""},"class_list":["post-3","page","type-page","status-publish","hentry"],"_links":{"self":[{"href":"http:\/\/lowtechmed.com\/index.php\/wp-json\/wp\/v2\/pages\/3","targetHints":{"allow":["GET"]}}],"collection":[{"href":"http:\/\/lowtechmed.com\/index.php\/wp-json\/wp\/v2\/pages"}],"about":[{"href":"http:\/\/lowtechmed.com\/index.php\/wp-json\/wp\/v2\/types\/page"}],"author":[{"embeddable":true,"href":"http:\/\/lowtechmed.com\/index.php\/wp-json\/wp\/v2\/users\/1"}],"replies":[{"embeddable":true,"href":"http:\/\/lowtechmed.com\/index.php\/wp-json\/wp\/v2\/comments?post=3"}],"version-history":[{"count":2,"href":"http:\/\/lowtechmed.com\/index.php\/wp-json\/wp\/v2\/pages\/3\/revisions"}],"predecessor-version":[{"id":30,"href":"http:\/\/lowtechmed.com\/index.php\/wp-json\/wp\/v2\/pages\/3\/revisions\/30"}],"wp:attachment":[{"href":"http:\/\/lowtechmed.com\/index.php\/wp-json\/wp\/v2\/media?parent=3"}],"curies":[{"name":"wp","href":"https:\/\/api.w.org\/{rel}","templated":true}]}}